{"id":1116,"date":"2024-09-22T10:09:52","date_gmt":"2024-09-22T10:09:52","guid":{"rendered":"https:\/\/talentaccess.org\/?page_id=1116"},"modified":"2026-02-09T15:42:04","modified_gmt":"2026-02-09T15:42:04","slug":"anasayfa","status":"publish","type":"page","link":"https:\/\/talentaccess.org\/tr\/","title":{"rendered":"Anasayfa"},"content":{"rendered":"\n\n\n\n<h1>Yetenekleri \u0130\u015f D\u00fcnyas\u0131 ile Birle\u015ftiren K\u00f6pr\u00fc<\/h1>\n\n\n<p [object NamedNodeMap]><span style=\"color: rgb(255, 255, 255); font-size: large;\"><strong>Talent Access, yetenekli bireyleri i\u015f d\u00fcnyas\u0131yla bulu\u015fturan kamu yarar\u0131na \u00e7al\u0131\u015fan bir dernektir. Amac\u0131m\u0131z, gen\u00e7 profesyonellerin kariyer yolculuklar\u0131n\u0131 destekleye<span style=\"font-size:medium;\"><\/span>rek onlar\u0131 do\u011fru i\u015f f\u0131rsatlar\u0131yla bir araya getirmek ve i\u015fverenlerin arad\u0131klar\u0131 yeteneklere kolayca ula\u015fmalar\u0131n\u0131 sa\u011flamakt\u0131r. <\/strong><\/span><\/p>\n\n\n\n\n\n\n\n\n\n\n<h2>Kariyerinizi G\u00fc\u00e7lendirin: Yetenek, Mentorluk ve Giri\u015fimcilik Destekleri<\/h2>\n\n\n<p [object NamedNodeMap]>Kariyer yolculu\u011funuzu bir \u00fcst seviyeye ta\u015f\u0131mak, yeteneklerinizi ke\u015ffetmek ve i\u015f d\u00fcnyas\u0131nda sa\u011flam ad\u0131mlar atmak i\u00e7in do\u011fru adrestesiniz. Sunulan \u00e7e\u015fitli e\u011fitim ve mentorluk programlar\u0131, hem ki\u015fisel geli\u015fiminize katk\u0131 sa\u011flayacak hem de profesyonel a\u011f\u0131n\u0131z\u0131 geni\u015fletme f\u0131rsat\u0131 sunacakt\u0131r. \u0130\u015f d\u00fcnyas\u0131nda ba\u015far\u0131ya ula\u015fman\u0131n yollar\u0131n\u0131 \u00f6\u011frenirken, benzersiz yeteneklerinizi ke\u015ffedecek ve kariyer hedeflerinizi ger\u00e7ekle\u015ftirmek i\u00e7in gerekli donan\u0131ma sahip olacaks\u0131n\u0131z. F\u0131rsatlar\u0131 de\u011ferlendirin, gelece\u011finizi bug\u00fcnden in\u015fa edin!<\/p>\n\n\n\n\n\n\n\n\n\n<br>Yerel i\u015fletmelerle g\u00fc\u00e7l\u00fc ve do\u011frudan bir i\u015f birli\u011fi kurularak, kat\u0131l\u0131mc\u0131lar i\u00e7in \u00e7e\u015fitli i\u015f yerle\u015ftirme f\u0131rsatlar\u0131 olu\u015fturulmas\u0131 ama\u00e7lanmaktad\u0131r.\n\n\n\n\n\n\n<p [object NamedNodeMap]><br>Bu s\u00fcre\u00e7, kat\u0131l\u0131mc\u0131lar\u0131n sadece pratik deneyim kazanmalar\u0131n\u0131 de\u011fil, ayn\u0131 zamanda profesyonel a\u011flar\u0131n\u0131 geni\u015fleterek i\u015f d\u00fcnyas\u0131nda kal\u0131c\u0131 bir yer edinmelerini de sa\u011flayacakt\u0131r. Uzun vadeli istihdam olanaklar\u0131na eri\u015fmeleri ve kariyerlerinde sa\u011flam ad\u0131mlarla ilerlemeleri hedeflenmektedir. Bu sayede, kat\u0131l\u0131mc\u0131lar\u0131n hem ki\u015fisel hem de mesleki geli\u015fimlerine katk\u0131 sunulmas\u0131 planlanmaktad\u0131r.<br><\/p>\n\n\n\n\n\n\n\n\n<br>Yetenek ke\u015ffi at\u00f6lyeleri, bireylerin benzersiz becerilerini, g\u00fc\u00e7l\u00fc y\u00f6nlerini ve geli\u015fim alanlar\u0131n\u0131 belirlemelerine yard\u0131mc\u0131 olmak i\u00e7in tasarlanm\u0131\u015ft\u0131r.\n\n\n\n\n\n\n<p [object NamedNodeMap]><br>Kat\u0131l\u0131mc\u0131lar, etkile\u015fimli oturumlar boyunca \u00f6z de\u011ferlendirme faaliyetlerine kat\u0131l\u0131r, ki\u015fisel geri bildirimler al\u0131r ve yeteneklerini i\u015f piyasas\u0131nda nas\u0131l kullanabileceklerini \u00f6\u011frenirler. Bu at\u00f6lyelerin amac\u0131, kat\u0131l\u0131mc\u0131lar\u0131n \u00f6zg\u00fcvenini art\u0131rmak ve onlara tatmin edici kariyerler pe\u015finde ko\u015fmalar\u0131 i\u00e7in gerekli ara\u00e7lar\u0131 sa\u011flamakt\u0131r.<br><\/p>\n\n\n\n\n\n\n\n\n\n\n\n\n\n\n\n\n<br>Giri\u015fimcilik e\u011fitimi kapsam\u0131nda, kendi i\u015fini kurmak isteyen bireyler i\u00e7in \u00e7e\u015fitli at\u00f6lye \u00e7al\u0131\u015fmalar\u0131 ve kaynaklar\u0131n sunulmas\u0131 ama\u00e7lanmaktad\u0131r. Bu e\u011fitimlerde, i\u015f planlama, finans y\u00f6netimi, pazarlama stratejileri ve yasal konular gibi giri\u015fimcili\u011fin temel unsurlar\u0131 ele al\u0131nmaktad\u0131r.\n\n\n\n\n\n\n<p [object NamedNodeMap]><br>Kat\u0131l\u0131mc\u0131lar, i\u015f d\u00fcnyas\u0131nda ba\u015far\u0131l\u0131 olmak i\u00e7in ihtiya\u00e7 duyduklar\u0131 bilgi ve becerileri kazanarak, i\u015f fikirlerini hayata ge\u00e7irme yolunda sa\u011flam ad\u0131mlar atmalar\u0131 hedeflenmektedir. Ayr\u0131ca, bu programlar bireylerin kar\u015f\u0131la\u015fabilece\u011fi zorluklara haz\u0131rl\u0131kl\u0131 olmalar\u0131n\u0131 sa\u011flarken, giri\u015fimcilik ekosisteminde nas\u0131l etkili bir \u015fekilde yer alabileceklerini \u00f6\u011fretmeyi de ama\u00e7lamaktad\u0131r. E\u011fitim boyunca sunulan rehberlik ve kaynaklar, i\u015flerini kurarken kar\u015f\u0131la\u015fabilecekleri riskleri minimize etmelerine ve uzun vadeli ba\u015far\u0131 elde etmelerine katk\u0131da bulunacakt\u0131r.<br><br><br><br><br><\/p>\n\n\n\n\n\n\n\n\n<p>Gen\u00e7 profesyoneller ile deneyimli sekt\u00f6r liderleri aras\u0131nda bire bir mentorluk ili\u015fkileri kurarak, kariyer geli\u015fiminde \u00f6nemli bir destek sa\u011flanmas\u0131 hedeflenmektedir.<\/p>\n\n\n\n\n\n\n<p [object NamedNodeMap]><br>Bu mentorluk ili\u015fkileri ile kat\u0131l\u0131mc\u0131lar\u0131n profesyonel yolculuklar\u0131nda kar\u015f\u0131la\u015ft\u0131klar\u0131 zorluklar\u0131 a\u015fmalar\u0131na, potansiyellerini ke\u015ffetmelerine ve yeteneklerini en verimli \u015fekilde kullanmalar\u0131na yard\u0131mc\u0131 olmak ama\u00e7lanmaktad\u0131r. Deneyimli liderlerin sundu\u011fu rehberlik, tavsiyeler ve ki\u015fisel deneyimlerden yararlanan gen\u00e7 profesyoneller, kariyer hedeflerini daha net belirleyebilecek ve stratejik ad\u0131mlar atabileceklerdir. Bu s\u00fcre\u00e7, yaln\u0131zca kat\u0131l\u0131mc\u0131lar\u0131n kariyer yollar\u0131n\u0131 daha iyi y\u00f6nlendirmelerini sa\u011flamakla kalmay\u0131p, ayn\u0131 zamanda onlara \u00f6zg\u00fcven kazand\u0131rarak i\u015f d\u00fcnyas\u0131nda daha etkili ve ba\u015far\u0131l\u0131 olmalar\u0131na katk\u0131da bulunacakt\u0131r.<br><\/p>\n\n\n\n\n\n\n\n\n<p>Sekt\u00f6r uzmanlar\u0131 taraf\u0131ndan y\u00fcr\u00fct\u00fclecek bir dizi seminer, kat\u0131l\u0131mc\u0131lara etkileyici CV\u2019ler olu\u015fturma, LinkedIn profillerini optimize etme ve i\u015f ba\u015fvuru platformlar\u0131n\u0131 kullanma s\u00fcre\u00e7lerinde rehberlik etmeyi ama\u00e7lamaktad\u0131r. <\/p>\n\n\n\n\n\n\n<p [object NamedNodeMap]><br>Bu oturumlar, i\u015f arama i\u00e7in en iyi uygulamalar\u0131 kapsayarak, m\u00fclakatlara nas\u0131l haz\u0131rlan\u0131laca\u011f\u0131 ve g\u00fc\u00e7l\u00fc bir ilk izlenim yaratman\u0131n yollar\u0131n\u0131 \u00f6\u011fretecektir. Seminerler, kat\u0131l\u0131mc\u0131lara bu temel becerileri kazand\u0131rarak, onlar\u0131n arzulanan pozisyonlar\u0131 elde etme \u015fanslar\u0131n\u0131 art\u0131rmay\u0131 hedeflemektedir.<br><br><br><br><br><\/p>\n\n\n\n\n\n\n\n\n<br>Networking etkinlikleri ile kariyerlerinin ba\u015f\u0131ndaki gen\u00e7 profesyonellerin, sekt\u00f6rde kendini kan\u0131tlam\u0131\u015f liderler, potansiyel mentorlar ve meslekta\u015flar\u0131yla bulu\u015fmalar\u0131n\u0131 hedeflenmektedir.\n\n\n\n\n\n\n<p [object NamedNodeMap]><br>Bu etkinlikler, kat\u0131l\u0131mc\u0131lara farkl\u0131 sekt\u00f6rler hakk\u0131nda de\u011ferli bilgiler edinme, profesyonel a\u011flar\u0131n\u0131 geni\u015fletme ve yeni i\u015f f\u0131rsatlar\u0131n\u0131 ke\u015ffetme imk\u00e2n\u0131 sunmaktad\u0131r. Networking etkinlikleri, i\u015f birli\u011fi ve yenilik\u00e7ili\u011fi te\u015fvik ederken, fikir al\u0131\u015fveri\u015fini destekleyerek kat\u0131l\u0131mc\u0131lar\u0131n kariyerlerini geli\u015ftirmelerine yard\u0131mc\u0131 olmaktad\u0131r. Bu tip etkinliklerle, hem bireysel geli\u015fim hem de profesyonel ba\u015far\u0131 i\u00e7in \u00f6nemli f\u0131rsatlar yarat\u0131lmas\u0131 ama\u00e7lanmaktad\u0131r.<br><br><br><br><br><\/p>\n\n\n\n\n\n\n\n\n\n\n\n\n\n<p>Lorem Ipsum has been the industry&#8217;s standard dummy text ever since the 1500s.<\/p>\n\n\n\n<h3>Stratejik Geli\u015fmeler<h3>\n<p>\u0130ngiltere savunma sanayisi, ileri teknoloji ve stratejik altyap\u0131 alanlar\u0131nda \u00f6ne \u00e7\u0131kan geli\u015fmeleri yak\u0131ndan takip ediyor; k\u00fcresel \u00f6l\u00e7ekte etki yaratan projeleri, yat\u0131r\u0131mlar\u0131 ve i\u015f birliklerini se\u00e7erek sunuyoruz. Bu b\u00f6l\u00fcmde, sekt\u00f6r\u00fcn y\u00f6n\u00fcn\u00fc belirleyen kritik ba\u015fl\u0131klara odaklan\u0131yoruz.<\/p>\n\n\n\n\n\n\n\n\n\n\n\n\n\n\n\n\n\n\n\n\n\n\n\n\n\n\n\n\n\n\n\n\n\n\n\n\n\n\n\n\n\n<h2>\u0130ngiltere \u0130\u015f D\u00fcnyas\u0131 ve \u0130nsan Kaynaklar\u0131 Hakk\u0131nda G\u00fcncel Geli\u015fmeler<h2>\n\n\n<p [object NamedNodeMap]>Birle\u015fik Krall\u0131k  i\u015f d\u00fcnyas\u0131 ve insan kaynaklar\u0131 alan\u0131nda meydana gelen en son geli\u015fmeleri burada bulabilirsiniz. Makalelerimiz, sekt\u00f6rdeki g\u00fcncel trendleri, politikalar\u0131 ve uygulamalar\u0131 detayl\u0131 bir \u015fekilde ele alarak size en \u00f6nemli bilgileri sunar. \u0130ster yeni d\u00fczenlemeler, ister sekt\u00f6rel analizler olsun, bu b\u00f6l\u00fcmdeki i\u00e7eriklerimiz i\u015f d\u00fcnyas\u0131nda etkiniz art\u0131racak ve stratejik kararlar alman\u0131za yard\u0131mc\u0131 olacakt\u0131r.<\/p>\n\n\n\n\n\nH\u0131zl\u0131\n\n\nEtkili\n\n\n\n\n\n\nG\u00fcncel\n\n\nKapsaml\u0131\n\n\n\n\n\n\n\n\n\n\n\n\n\n\n\n\n\n\n\n\n\n\n\n\n\n\n\n\n\n\n\n\n\n\n\n\n\n\n<h1>&#8220;Talent Access ile yeteneklerinizi ke\u015ffedin, kariyerinizi g\u00fc\u00e7lendirin&#8221;.<\/h1>\n\n\nTalent Access ile yeteneklerinizi ke\u015ffetmek ve kariyerinizi bir \u00fcst seviyeye ta\u015f\u0131mak art\u0131k daha kolay. Size \u00f6zel kariyer f\u0131rsatlar\u0131, yeteneklerinizi en iyi \u015fekilde de\u011ferlendirmenize yard\u0131mc\u0131 olacak kaynaklar ve profesyonel geli\u015fiminizi destekleyen ara\u00e7larla donat\u0131lm\u0131\u015f bir platform sunuyoruz. \u0130\u015f d\u00fcnyas\u0131nda fark yaratmak ve potansiyelinizi tam anlam\u0131yla kullanmak i\u00e7in Talent Access\u2019i ke\u015ffedin, kariyerinizde yeni kap\u0131lar a\u00e7\u0131n.\n\n\n\n\n\n\n<h2>Temel De\u011ferlerimiz<\/h2>\n\n\n\n\n<p>T\u00fcm faaliyetlerimizde \u015feffafl\u0131k ve g\u00fcven esas\u0131na dayal\u0131 ili\u015fkiler kurar\u0131z.<\/p>\n\n\n\n\n<p>Gen\u00e7lerin geli\u015fimi i\u00e7in yenilik\u00e7i ve yarat\u0131c\u0131 \u00e7\u00f6z\u00fcmler \u00fcretiriz.<\/p>\n\n\n\n\n<p>Herkesin potansiyelini ortaya \u00e7\u0131karabilece\u011fi bir ortam yarat\u0131r\u0131z, ayr\u0131mc\u0131l\u0131\u011fa kar\u015f\u0131 dururuz.<\/p>\n\n\n\n\n\n\n<p>\u0130\u015f d\u00fcnyas\u0131 ve e\u011fitim sekt\u00f6r\u00fc ile g\u00fc\u00e7l\u00fc i\u015f birli\u011fi i\u00e7inde \u00e7al\u0131\u015farak gen\u00e7lere en iyi f\u0131rsatlar\u0131 sunar\u0131z.<\/p>\n\n\n\n\n<p>\u0130\u015f d\u00fcnyas\u0131ndaki g\u00fcncel geli\u015fmeleri yak\u0131ndan takip eder, \u00e7evik aksiyon al\u0131r\u0131z.<\/p>\n\n\n\n\n<p>Gen\u00e7lerin e\u011fitimine ve kariyer geli\u015fimine katk\u0131 sa\u011flama sorumlulu\u011funu ta\u015f\u0131r\u0131z..<\/p>\n\n\n\n\n\n\n\n\n<p>Lorem Ipsum has been the industry&#8217;s standard dummy text ever since the 1500s.<\/p>\n\n\n\n\n\n<h3>G\u00fcncel Geli\u015fmelerden Haberdar Olun<h3>\n\n\n<p>En son haberler, i\u015f d\u00fcnyas\u0131ndaki yenilikler ve kariyerinize y\u00f6n verecek f\u0131rsatlar hakk\u0131nda bilgi almak i\u00e7in haftal\u0131k b\u00fcltenimize kaydolun. Her hafta sizlere sekt\u00f6rdeki \u00f6nemli geli\u015fmeleri, uzman g\u00f6r\u00fc\u015flerini ve i\u015f f\u0131rsatlar\u0131n\u0131 do\u011frudan e-posta kutunuza ula\u015ft\u0131r\u0131yoruz. Hemen kaydolun, i\u015f d\u00fcnyas\u0131ndaki ad\u0131mlar\u0131n\u0131z\u0131 g\u00fcvenle at\u0131n!<\/p>\n\n\n\n\n\n\n<h1>Sizin \u0130\u00e7in Ne Yapabiliriz?<\/h1>\n\n\n\n\n\n\n\n\n\n\nVatan\u0131n\u0131 en \u00e7ok seven, g\u00f6revini en iyi yapand\u0131r.\n\n\n\n\nYetenek son derece \u00f6nemlidir. \u015eirketler bir spor tak\u0131m\u0131 gibidir, en iyi bireysel oyuncuya sahip olan tak\u0131m genellikle kazan\u0131r. Ancak bu, oyuncular\u0131n birlikte nas\u0131l \u00e7al\u0131\u015ft\u0131\u011f\u0131na ve uyumlu olup olmad\u0131klar\u0131na g\u00f6re, \u00f6nemli bir bi\u00e7imde de\u011fi\u015fir.\n\n\n\n\nOyunun kurallar\u0131n\u0131 \u00f6\u011frenmek zorundas\u0131n.\nVe o zaman ba\u015fkalar\u0131ndan daha iyi oynamal\u0131s\u0131n.\n\n\n\n\n\n\n\n","protected":false},"excerpt":{"rendered":"","protected":false},"author":1,"featured_media":0,"parent":0,"menu_order":0,"comment_status":"closed","ping_status":"closed","template":"","meta":{"pagelayer_contact_templates":[],"_pagelayer_content":"","footnotes":""},"class_list":["post-1116","page","type-page","status-publish","hentry"],"_links":{"self":[{"href":"https:\/\/talentaccess.org\/tr\/wp-json\/wp\/v2\/pages\/1116","targetHints":{"allow":["GET"]}}],"collection":[{"href":"https:\/\/talentaccess.org\/tr\/wp-json\/wp\/v2\/pages"}],"about":[{"href":"https:\/\/talentaccess.org\/tr\/wp-json\/wp\/v2\/types\/page"}],"author":[{"embeddable":true,"href":"https:\/\/talentaccess.org\/tr\/wp-json\/wp\/v2\/users\/1"}],"replies":[{"embeddable":true,"href":"https:\/\/talentaccess.org\/tr\/wp-json\/wp\/v2\/comments?post=1116"}],"version-history":[{"count":135,"href":"https:\/\/talentaccess.org\/tr\/wp-json\/wp\/v2\/pages\/1116\/revisions"}],"predecessor-version":[{"id":1756,"href":"https:\/\/talentaccess.org\/tr\/wp-json\/wp\/v2\/pages\/1116\/revisions\/1756"}],"wp:attachment":[{"href":"https:\/\/talentaccess.org\/tr\/wp-json\/wp\/v2\/media?parent=1116"}],"curies":[{"name":"wp","href":"https:\/\/api.w.org\/{rel}","templated":true}]}}