{"id":280,"date":"2024-08-29T19:55:55","date_gmt":"2024-08-29T19:55:55","guid":{"rendered":"https:\/\/talentaccess.org\/?page_id=280"},"modified":"2025-09-27T14:35:54","modified_gmt":"2025-09-27T14:35:54","slug":"hakkimizda","status":"publish","type":"page","link":"https:\/\/talentaccess.org\/tr\/hakkimizda\/","title":{"rendered":"Hakk\u0131m\u0131zda"},"content":{"rendered":"\n\n\n\n\n\n\n\n\n<h2>Misyonumuz<\/h2>\n<p>Kamu yarar\u0131na \u00e7al\u0131\u015fan bir dernek olan Talent Access, ba\u015fta T\u00fcrk gen\u00e7leri olmak \u00fczere t\u00fcm gen\u00e7lerin yeteneklerini ke\u015ffetmelerine ve geli\u015ftirmelerine yard\u0131mc\u0131 olmay\u0131; onlar\u0131 i\u015f d\u00fcnyas\u0131 ile bulu\u015fturarak kariyerlerinde ba\u015far\u0131l\u0131 olmalar\u0131n\u0131 sa\u011flamay\u0131 ama\u00e7lar. <\/p>\n<p>Gen\u00e7lerin potansiyellerini en \u00fcst d\u00fczeye \u00e7\u0131karmak ve topluma de\u011fer katan bireyler olmalar\u0131na destek olmak misyonumuzdur.<\/p>\n\n\n\n\n\n\n\n\n\n\n\n\n\n\n\n<h2>Vizyonumuz<\/h2>\n<p style=\"text-align: justify;\">Talent Access, gen\u00e7lerin yeteneklerini ke\u015ffettikleri, kendilerini geli\u015ftirdikleri ve i\u015f d\u00fcnyas\u0131nda g\u00fc\u00e7l\u00fc ad\u0131mlarla ilerledikleri bir platform olarak Londra\u2019da ve uluslararas\u0131 arenada tan\u0131nan bir kurulu\u015f olmay\u0131 hedeflemektedir. <\/p>\n<p style=\"text-align: justify;\">Gelece\u011fin liderlerini yeti\u015ftiren ve i\u015f d\u00fcnyas\u0131yla gen\u00e7ler aras\u0131nda k\u00f6pr\u00fc kuran \u00f6nc\u00fc bir dernek olmay\u0131 vizyonumuz olarak belirliyoruz. <\/p>\n\n\n\n\n\n\n\n\n\n\n\n\n\n\n\n<h2>M\u00fctevelli Heyetimiz<\/h2>\n\n\n\n\n\n\n\n\n\n<p>Chairwoman<\/p>\n\n\n\n\n\n\n\n\n\n\n\n\n\n\n\n\n\n\n\n\n\n\n\n\n\n\n\n\n\n\n<p>Vice Chair<\/p>\n\n\n\n\n\n\n\n\n\n\n\n\n\n\n\n\n\n\n\n\n\n\n\n\n\n\n\n\n\n\n<p>Vice Chair<\/p>\n\n\n\n\n\n\n\n\n\n\n\n\n\n\n\n\n\n\n\n\n\n\n\n\n\n\n\n\n<h2>Y\u00f6netim Kurulumuz<\/h2>\n\n\n\n\n\n\n\n\n<p>Board Member<\/p>\n\n\n\n\n\n\n\n\n\n\n\n\n\n\n\n\n\n\n\n\n\n\n\n\n\n\n\n\n\n\n<p>Board Member<\/p>\n\n\n\n\n\n\n\n\n\n\n\n\n\n\n\n\n\n\n\n\n\n\n\n\n\n\n\n\n\n\n\n\n<p>Board Member<\/p>\n\n\n\n\n\n\n\n\n\n\n\n\n\n\n\n\n\n\n\n\n\n\n\n\n\n\n\n\n\n\n\n\n\n\n\n\n\n\n\n\n\n\n\n\n\n\n\n\n\n\n\n\n\n\n<h2>Temel De\u011ferlerimiz<\/h2>\n\n\n\n\n<p>T\u00fcm faaliyetlerimizde \u015feffafl\u0131k ve g\u00fcven esas\u0131na dayal\u0131 ili\u015fkiler kurar\u0131z.<\/p>\n\n\n<p>Gen\u00e7lerin geli\u015fimi i\u00e7in yenilik\u00e7i ve yarat\u0131c\u0131 \u00e7\u00f6z\u00fcmler \u00fcretiriz.<\/p>\n\n\n<p>Herkesin potansiyelini ortaya \u00e7\u0131karabilece\u011fi bir ortam yarat\u0131r\u0131z, ayr\u0131mc\u0131l\u0131\u011fa kar\u015f\u0131 dururuz.<\/p>\n\n\n\n\n<p>\u0130\u015f d\u00fcnyas\u0131 ve e\u011fitim sekt\u00f6r\u00fc ile g\u00fc\u00e7l\u00fc i\u015f birli\u011fi i\u00e7inde \u00e7al\u0131\u015farak gen\u00e7lere en iyi f\u0131rsatlar\u0131 sunar\u0131z.<\/p>\n\n\n<p>\u0130\u015f d\u00fcnyas\u0131ndaki g\u00fcncel geli\u015fmeleri yak\u0131ndan takip eder, \u00e7evik aksiyon al\u0131r\u0131z.<\/p>\n\n\n<p>Gen\u00e7lerin e\u011fitimine ve kariyer geli\u015fimine katk\u0131 sa\u011flama sorumlulu\u011funu ta\u015f\u0131r\u0131z..<\/p>\n\n\n\n\n<h2>Kamu Yarar\u0131na Dernek T\u00fcz\u00fc\u011f\u00fc<\/h2>\n\n\n\n\n\n\n\n\n\n\n\n\n\n\n<p>Lorem Ipsum has been the industry&#8217;s standard dummy text ever since the 1500s.<\/p>\n\n\n\n\n<h3>G\u00fcncel Geli\u015fmelerden Haberdar Olun<h3>\n<p style=\"text-align: justify;\">En son haberler, i\u015f d\u00fcnyas\u0131ndaki yenilikler ve kariyerinize y\u00f6n verecek f\u0131rsatlar hakk\u0131nda bilgi almak i\u00e7in haftal\u0131k b\u00fcltenimize kaydolun. Her hafta sizlere sekt\u00f6rdeki \u00f6nemli geli\u015fmeleri, uzman g\u00f6r\u00fc\u015flerini ve i\u015f f\u0131rsatlar\u0131n\u0131 do\u011frudan e-posta kutunuza ula\u015ft\u0131r\u0131yoruz. Hemen kaydolun, i\u015f d\u00fcnyas\u0131ndaki ad\u0131mlar\u0131n\u0131z\u0131 g\u00fcvenle at\u0131n!<\/p>\n\n\n","protected":false},"excerpt":{"rendered":"","protected":false},"author":1,"featured_media":0,"parent":0,"menu_order":0,"comment_status":"closed","ping_status":"closed","template":"","meta":{"pagelayer_contact_templates":[],"_pagelayer_content":"","footnotes":""},"class_list":["post-280","page","type-page","status-publish","hentry"],"_links":{"self":[{"href":"https:\/\/talentaccess.org\/tr\/wp-json\/wp\/v2\/pages\/280","targetHints":{"allow":["GET"]}}],"collection":[{"href":"https:\/\/talentaccess.org\/tr\/wp-json\/wp\/v2\/pages"}],"about":[{"href":"https:\/\/talentaccess.org\/tr\/wp-json\/wp\/v2\/types\/page"}],"author":[{"embeddable":true,"href":"https:\/\/talentaccess.org\/tr\/wp-json\/wp\/v2\/users\/1"}],"replies":[{"embeddable":true,"href":"https:\/\/talentaccess.org\/tr\/wp-json\/wp\/v2\/comments?post=280"}],"version-history":[{"count":236,"href":"https:\/\/talentaccess.org\/tr\/wp-json\/wp\/v2\/pages\/280\/revisions"}],"predecessor-version":[{"id":1703,"href":"https:\/\/talentaccess.org\/tr\/wp-json\/wp\/v2\/pages\/280\/revisions\/1703"}],"wp:attachment":[{"href":"https:\/\/talentaccess.org\/tr\/wp-json\/wp\/v2\/media?parent=280"}],"curies":[{"name":"wp","href":"https:\/\/api.w.org\/{rel}","templated":true}]}}